{"id":635,"date":"2021-11-02T17:37:18","date_gmt":"2021-11-02T17:37:18","guid":{"rendered":"https:\/\/park-plazza.com\/?page_id=635"},"modified":"2021-11-02T18:31:02","modified_gmt":"2021-11-02T18:31:02","slug":"events","status":"publish","type":"page","link":"https:\/\/park-plazza.com\/en\/events\/","title":{"rendered":"Evente"},"content":{"rendered":"<div data-elementor-type=\"wp-page\" data-elementor-id=\"635\" class=\"elementor elementor-635\" data-elementor-settings=\"[]\">\n\t\t\t\t\t\t<div class=\"elementor-inner\">\n\t\t\t\t\t\t\t<div class=\"elementor-section-wrap\">\n\t\t\t\t\t\t\t<section class=\"elementor-section elementor-top-section elementor-element elementor-element-1b31900 elementor-section-boxed elementor-section-height-default elementor-section-height-default\" data-id=\"1b31900\" data-element_type=\"section\">\n\t\t\t\t\t\t<div class=\"elementor-container elementor-column-gap-default\">\n\t\t\t\t\t\t\t<div class=\"elementor-row\">\n\t\t\t\t\t<div class=\"elementor-column elementor-col-100 elementor-top-column elementor-element elementor-element-8208db5\" data-id=\"8208db5\" data-element_type=\"column\">\n\t\t\t<div class=\"elementor-column-wrap elementor-element-populated\">\n\t\t\t\t\t\t\t<div class=\"elementor-widget-wrap\">\n\t\t\t\t\t\t<div class=\"elementor-element elementor-element-75bf17c elementor-widget elementor-widget-heading\" data-id=\"75bf17c\" data-element_type=\"widget\" data-widget_type=\"heading.default\">\n\t\t\t\t<div class=\"elementor-widget-container\">\n\t\t\t<h2 class=\"elementor-heading-title elementor-size-default\">CONFERENCE ROOM<\/h2>\t\t<\/div>\n\t\t\t\t<\/div>\n\t\t\t\t<div class=\"elementor-element elementor-element-0b6df51 elementor-widget elementor-widget-text-editor\" data-id=\"0b6df51\" data-element_type=\"widget\" data-widget_type=\"text-editor.default\">\n\t\t\t\t<div class=\"elementor-widget-container\">\n\t\t\t\t\t<div class=\"elementor-text-editor elementor-clearfix\"><p style=\"text-align: center;\">Park Plazza's conference room has a capacity of up to 50 people. Equipped with a large screen projector, an audio system and individual work tables, it is the perfect venue for events ranging from conferences to workshops and seminars. For more information and reservations do not hesitate to contact us at info@park-plazza.com or by phone at +355 67 700 5700 <a href=\"mailto:info@park-plazza.com\">info@park-plazza.com<\/a> ose n\u00eb numrin ton\u00eb t\u00eb telefonit <a href=\"tel:00355677005700\">+355 67 7000 5700<\/a>.<\/p><\/div>\n\t\t\t\t<\/div>\n\t\t\t\t<\/div>\n\t\t\t\t<div class=\"elementor-element elementor-element-997b82a elementor-widget elementor-widget-spacer\" data-id=\"997b82a\" data-element_type=\"widget\" data-widget_type=\"spacer.default\">\n\t\t\t\t<div class=\"elementor-widget-container\">\n\t\t\t\t\t<div class=\"elementor-spacer\">\n\t\t\t<div class=\"elementor-spacer-inner\"><\/div>\n\t\t<\/div>\n\t\t\t\t<\/div>\n\t\t\t\t<\/div>\n\t\t\t\t\t\t<\/div>\n\t\t\t\t\t<\/div>\n\t\t<\/div>\n\t\t\t\t\t\t\t\t<\/div>\n\t\t\t\t\t<\/div>\n\t\t<\/section>\n\t\t\t\t<section class=\"elementor-section elementor-top-section elementor-element elementor-element-8ec992c elementor-section-boxed elementor-section-height-default elementor-section-height-default\" data-id=\"8ec992c\" data-element_type=\"section\">\n\t\t\t\t\t\t<div class=\"elementor-container elementor-column-gap-default\">\n\t\t\t\t\t\t\t<div class=\"elementor-row\">\n\t\t\t\t\t<div class=\"elementor-column elementor-col-20 elementor-top-column elementor-element elementor-element-6185125\" data-id=\"6185125\" data-element_type=\"column\">\n\t\t\t<div class=\"elementor-column-wrap elementor-element-populated\">\n\t\t\t\t\t\t\t<div class=\"elementor-widget-wrap\">\n\t\t\t\t\t\t<div class=\"elementor-element elementor-element-3404e02 animated-slow elementor-invisible elementor-widget elementor-widget-image\" data-id=\"3404e02\" data-element_type=\"widget\" data-settings=\"{&quot;_animation&quot;:&quot;none&quot;}\" data-widget_type=\"image.default\">\n\t\t\t\t<div class=\"elementor-widget-container\">\n\t\t\t\t\t<div class=\"elementor-image\">\n\t\t\t\t\t\t\t\t\t\t<img src=\"https:\/\/park-plazza.com\/wp-content\/uploads\/elementor\/thumbs\/7C5F9905DD0B4BEF8F9062193AD7C89C-pfhdfv5ujz2y99yk1az5xnowgq2uhc3ps0oh2syra8.jpg\" title=\"7C5F9905DD0B4BEF8F9062193AD7C89C\" alt=\"7C5F9905DD0B4BEF8F9062193AD7C89C\" \/>\t\t\t\t\t\t\t\t\t\t\t<\/div>\n\t\t\t\t<\/div>\n\t\t\t\t<\/div>\n\t\t\t\t\t\t<\/div>\n\t\t\t\t\t<\/div>\n\t\t<\/div>\n\t\t\t\t<div class=\"elementor-column elementor-col-20 elementor-top-column elementor-element elementor-element-eb9c3bf\" data-id=\"eb9c3bf\" data-element_type=\"column\">\n\t\t\t<div class=\"elementor-column-wrap elementor-element-populated\">\n\t\t\t\t\t\t\t<div class=\"elementor-widget-wrap\">\n\t\t\t\t\t\t<div class=\"elementor-element elementor-element-d0209a7 animated-slow elementor-invisible elementor-widget elementor-widget-image\" data-id=\"d0209a7\" data-element_type=\"widget\" data-settings=\"{&quot;_animation&quot;:&quot;none&quot;}\" data-widget_type=\"image.default\">\n\t\t\t\t<div class=\"elementor-widget-container\">\n\t\t\t\t\t<div class=\"elementor-image\">\n\t\t\t\t\t\t\t\t\t\t<img src=\"https:\/\/park-plazza.com\/wp-content\/uploads\/elementor\/thumbs\/7EF0D8A82FD642509EDCCF379B4D6FC7-pfhdfzv1i59dvbrq9v0as4i7fnfojtmdgnxwh6rsf4.jpg\" title=\"7EF0D8A82FD642509EDCCF379B4D6FC7\" alt=\"7EF0D8A82FD642509EDCCF379B4D6FC7\" \/>\t\t\t\t\t\t\t\t\t\t\t<\/div>\n\t\t\t\t<\/div>\n\t\t\t\t<\/div>\n\t\t\t\t\t\t<\/div>\n\t\t\t\t\t<\/div>\n\t\t<\/div>\n\t\t\t\t<div class=\"elementor-column elementor-col-20 elementor-top-column elementor-element elementor-element-ba7b4fb\" data-id=\"ba7b4fb\" data-element_type=\"column\">\n\t\t\t<div class=\"elementor-column-wrap elementor-element-populated\">\n\t\t\t\t\t\t\t<div class=\"elementor-widget-wrap\">\n\t\t\t\t\t\t<div class=\"elementor-element elementor-element-c5d641c animated-slow elementor-invisible elementor-widget elementor-widget-image\" data-id=\"c5d641c\" data-element_type=\"widget\" data-settings=\"{&quot;_animation&quot;:&quot;none&quot;}\" data-widget_type=\"image.default\">\n\t\t\t\t<div class=\"elementor-widget-container\">\n\t\t\t\t\t<div class=\"elementor-image\">\n\t\t\t\t\t\t\t\t\t\t<img src=\"https:\/\/park-plazza.com\/wp-content\/uploads\/elementor\/thumbs\/C8BBB93D3F074ECEB5191EA417A1F08C-pfhdg8bl7nkyrtffwgnxwkdcs49zh3jyhtt9sof8v4.jpg\" title=\"C8BBB93D3F074ECEB5191EA417A1F08C\" alt=\"C8BBB93D3F074ECEB5191EA417A1F08C\" \/>\t\t\t\t\t\t\t\t\t\t\t<\/div>\n\t\t\t\t<\/div>\n\t\t\t\t<\/div>\n\t\t\t\t\t\t<\/div>\n\t\t\t\t\t<\/div>\n\t\t<\/div>\n\t\t\t\t<div class=\"elementor-column elementor-col-20 elementor-top-column elementor-element elementor-element-60e52b3\" data-id=\"60e52b3\" data-element_type=\"column\">\n\t\t\t<div class=\"elementor-column-wrap elementor-element-populated\">\n\t\t\t\t\t\t\t<div class=\"elementor-widget-wrap\">\n\t\t\t\t\t\t<div class=\"elementor-element elementor-element-d83f230 animated-slow elementor-invisible elementor-widget elementor-widget-image\" data-id=\"d83f230\" data-element_type=\"widget\" data-settings=\"{&quot;_animation&quot;:&quot;none&quot;}\" data-widget_type=\"image.default\">\n\t\t\t\t<div class=\"elementor-widget-container\">\n\t\t\t\t\t<div class=\"elementor-image\">\n\t\t\t\t\t\t\t\t\t\t<img src=\"https:\/\/park-plazza.com\/wp-content\/uploads\/elementor\/thumbs\/8AD87EEE2C5D4B839B949669C2D43612-pfhdg4k8gbfthdkwif1fmlbieksimb515b7bvkktk0.jpg\" title=\"8AD87EEE2C5D4B839B949669C2D43612\" alt=\"8AD87EEE2C5D4B839B949669C2D43612\" \/>\t\t\t\t\t\t\t\t\t\t\t<\/div>\n\t\t\t\t<\/div>\n\t\t\t\t<\/div>\n\t\t\t\t\t\t<\/div>\n\t\t\t\t\t<\/div>\n\t\t<\/div>\n\t\t\t\t<div class=\"elementor-column elementor-col-20 elementor-top-column elementor-element elementor-element-e9ab1ec\" data-id=\"e9ab1ec\" data-element_type=\"column\">\n\t\t\t<div class=\"elementor-column-wrap elementor-element-populated\">\n\t\t\t\t\t\t\t<div class=\"elementor-widget-wrap\">\n\t\t\t\t\t\t<div class=\"elementor-element elementor-element-ce8063a animated-slow elementor-invisible elementor-widget elementor-widget-image\" data-id=\"ce8063a\" data-element_type=\"widget\" data-settings=\"{&quot;_animation&quot;:&quot;none&quot;}\" data-widget_type=\"image.default\">\n\t\t\t\t<div class=\"elementor-widget-container\">\n\t\t\t\t\t<div class=\"elementor-image\">\n\t\t\t\t\t\t\t\t\t\t<img src=\"https:\/\/park-plazza.com\/wp-content\/uploads\/elementor\/thumbs\/PHOTO-2021-11-02-19-12-10-pfhffumvy7mhe7eaox5ldzqq819syuvooba56o8crk.jpg\" title=\"PHOTO-2021-11-02-19-12-10\" alt=\"PHOTO-2021-11-02-19-12-10\" \/>\t\t\t\t\t\t\t\t\t\t\t<\/div>\n\t\t\t\t<\/div>\n\t\t\t\t<\/div>\n\t\t\t\t\t\t<\/div>\n\t\t\t\t\t<\/div>\n\t\t<\/div>\n\t\t\t\t\t\t\t\t<\/div>\n\t\t\t\t\t<\/div>\n\t\t<\/section>\n\t\t\t\t\t\t<\/div>\n\t\t\t\t\t\t<\/div>\n\t\t\t\t\t<\/div>","protected":false},"excerpt":{"rendered":"<p>SALLA E KONFERENCAVE Park Plazza ofron nj\u00eb sall\u00eb konferencash me kapacitet deri n\u00eb 50 persona. E pajisur me projektor, sistem audio dhe tavolina pune individuale, salla \u00ebsht\u00eb ambienti ideal p\u00ebr nj\u00eb s\u00ebr\u00eb eventesh, duke filluar nga konferencat dhe aktivitetet e promovimit e deri tek workshop-et dhe seminaret. P\u00ebr m\u00eb shume informacion dhe prenotime, ju lutemi [&hellip;]<\/p>","protected":false},"author":1,"featured_media":0,"parent":0,"menu_order":0,"comment_status":"closed","ping_status":"closed","template":"","meta":[],"_links":{"self":[{"href":"https:\/\/park-plazza.com\/en\/wp-json\/wp\/v2\/pages\/635"}],"collection":[{"href":"https:\/\/park-plazza.com\/en\/wp-json\/wp\/v2\/pages"}],"about":[{"href":"https:\/\/park-plazza.com\/en\/wp-json\/wp\/v2\/types\/page"}],"author":[{"embeddable":true,"href":"https:\/\/park-plazza.com\/en\/wp-json\/wp\/v2\/users\/1"}],"replies":[{"embeddable":true,"href":"https:\/\/park-plazza.com\/en\/wp-json\/wp\/v2\/comments?post=635"}],"version-history":[{"count":23,"href":"https:\/\/park-plazza.com\/en\/wp-json\/wp\/v2\/pages\/635\/revisions"}],"predecessor-version":[{"id":672,"href":"https:\/\/park-plazza.com\/en\/wp-json\/wp\/v2\/pages\/635\/revisions\/672"}],"wp:attachment":[{"href":"https:\/\/park-plazza.com\/en\/wp-json\/wp\/v2\/media?parent=635"}],"curies":[{"name":"wp","href":"https:\/\/api.w.org\/{rel}","templated":true}]}}