{"id":307,"date":"2020-12-29T10:14:55","date_gmt":"2020-12-29T10:14:55","guid":{"rendered":"https:\/\/park-plazza.com\/?page_id=307"},"modified":"2021-01-22T16:00:54","modified_gmt":"2021-01-22T16:00:54","slug":"rezervime","status":"publish","type":"page","link":"https:\/\/park-plazza.com\/sq\/rezervime\/","title":{"rendered":"Rezervime"},"content":{"rendered":"\t\t<div data-elementor-type=\"wp-page\" data-elementor-id=\"307\" class=\"elementor elementor-307\" data-elementor-settings=\"[]\">\n\t\t\t\t\t\t<div class=\"elementor-inner\">\n\t\t\t\t\t\t\t<div class=\"elementor-section-wrap\">\n\t\t\t\t\t\t\t<section class=\"elementor-section elementor-top-section elementor-element elementor-element-dbf7850 elementor-section-boxed elementor-section-height-default elementor-section-height-default\" data-id=\"dbf7850\" data-element_type=\"section\">\n\t\t\t\t\t\t<div class=\"elementor-container elementor-column-gap-default\">\n\t\t\t\t\t\t\t<div class=\"elementor-row\">\n\t\t\t\t\t<div class=\"elementor-column elementor-col-100 elementor-top-column elementor-element elementor-element-fc9f5d9\" data-id=\"fc9f5d9\" data-element_type=\"column\">\n\t\t\t<div class=\"elementor-column-wrap elementor-element-populated\">\n\t\t\t\t\t\t\t<div class=\"elementor-widget-wrap\">\n\t\t\t\t\t\t<div class=\"elementor-element elementor-element-9773d2d elementor-widget elementor-widget-spacer\" data-id=\"9773d2d\" data-element_type=\"widget\" data-widget_type=\"spacer.default\">\n\t\t\t\t<div class=\"elementor-widget-container\">\n\t\t\t\t\t<div class=\"elementor-spacer\">\n\t\t\t<div class=\"elementor-spacer-inner\"><\/div>\n\t\t<\/div>\n\t\t\t\t<\/div>\n\t\t\t\t<\/div>\n\t\t\t\t<div class=\"elementor-element elementor-element-9e6476e elementor-widget elementor-widget-heading\" data-id=\"9e6476e\" data-element_type=\"widget\" data-widget_type=\"heading.default\">\n\t\t\t\t<div class=\"elementor-widget-container\">\n\t\t\t<h2 class=\"elementor-heading-title elementor-size-default\">REZERVO TANI<\/h2>\t\t<\/div>\n\t\t\t\t<\/div>\n\t\t\t\t<div class=\"elementor-element elementor-element-9a7bcbd elementor-widget elementor-widget-text-editor\" data-id=\"9a7bcbd\" data-element_type=\"widget\" data-widget_type=\"text-editor.default\">\n\t\t\t\t<div class=\"elementor-widget-container\">\n\t\t\t\t\t<div class=\"elementor-text-editor elementor-clearfix\"><p style=\"text-align: center;\">Ju falenderojm\u00eb q\u00eb na zgjodh\u00ebt! M\u00eb posht\u00eb mund t\u00eb kryeni rezervime p\u00ebr datat tuaja t\u00eb preferuara. Konfirmimi i rezervimit tuaj do t&#8217;ju jepet n\u00ebp\u00ebrmjet email-it. Mos hezitoni t\u00eb na kontaktoni p\u00ebr informacione shtes\u00eb apo pyetje q\u00eb mund t\u00eb keni. Jeni t\u00eb mir\u00ebpritur!<\/p><\/div>\n\t\t\t\t<\/div>\n\t\t\t\t<\/div>\n\t\t\t\t\t\t<\/div>\n\t\t\t\t\t<\/div>\n\t\t<\/div>\n\t\t\t\t\t\t\t\t<\/div>\n\t\t\t\t\t<\/div>\n\t\t<\/section>\n\t\t\t\t<section class=\"elementor-section elementor-top-section elementor-element elementor-element-0c46481 elementor-section-boxed elementor-section-height-default elementor-section-height-default\" data-id=\"0c46481\" data-element_type=\"section\">\n\t\t\t\t\t\t<div class=\"elementor-container elementor-column-gap-default\">\n\t\t\t\t\t\t\t<div class=\"elementor-row\">\n\t\t\t\t\t<div class=\"elementor-column elementor-col-100 elementor-top-column elementor-element elementor-element-6b22984\" data-id=\"6b22984\" data-element_type=\"column\">\n\t\t\t<div class=\"elementor-column-wrap elementor-element-populated\">\n\t\t\t\t\t\t\t<div class=\"elementor-widget-wrap\">\n\t\t\t\t\t\t<div class=\"elementor-element elementor-element-7031c3e elementor-widget elementor-widget-text-editor\" data-id=\"7031c3e\" data-element_type=\"widget\" data-widget_type=\"text-editor.default\">\n\t\t\t\t<div class=\"elementor-widget-container\">\n\t\t\t\t\t<div class=\"elementor-text-editor elementor-clearfix\"><p><\/p><\/div>\n\t\t\t\t<\/div>\n\t\t\t\t<\/div>\n\t\t\t\t\t\t<\/div>\n\t\t\t\t\t<\/div>\n\t\t<\/div>\n\t\t\t\t\t\t\t\t<\/div>\n\t\t\t\t\t<\/div>\n\t\t<\/section>\n\t\t\t\t\t\t<\/div>\n\t\t\t\t\t\t<\/div>\n\t\t\t\t\t<\/div>\n\t\t","protected":false},"excerpt":{"rendered":"<p>REZERVO TANI Ju falenderojm\u00eb q\u00eb na zgjodh\u00ebt! M\u00eb posht\u00eb mund t\u00eb kryeni rezervime p\u00ebr datat tuaja t\u00eb preferuara. Konfirmimi i rezervimit tuaj do t&#8217;ju jepet n\u00ebp\u00ebrmjet email-it. Mos hezitoni t\u00eb na kontaktoni p\u00ebr informacione shtes\u00eb apo pyetje q\u00eb mund t\u00eb keni. Jeni t\u00eb mir\u00ebpritur!<\/p>\n","protected":false},"author":1,"featured_media":0,"parent":0,"menu_order":0,"comment_status":"closed","ping_status":"closed","template":"","meta":[],"_links":{"self":[{"href":"https:\/\/park-plazza.com\/sq\/wp-json\/wp\/v2\/pages\/307"}],"collection":[{"href":"https:\/\/park-plazza.com\/sq\/wp-json\/wp\/v2\/pages"}],"about":[{"href":"https:\/\/park-plazza.com\/sq\/wp-json\/wp\/v2\/types\/page"}],"author":[{"embeddable":true,"href":"https:\/\/park-plazza.com\/sq\/wp-json\/wp\/v2\/users\/1"}],"replies":[{"embeddable":true,"href":"https:\/\/park-plazza.com\/sq\/wp-json\/wp\/v2\/comments?post=307"}],"version-history":[{"count":10,"href":"https:\/\/park-plazza.com\/sq\/wp-json\/wp\/v2\/pages\/307\/revisions"}],"predecessor-version":[{"id":416,"href":"https:\/\/park-plazza.com\/sq\/wp-json\/wp\/v2\/pages\/307\/revisions\/416"}],"wp:attachment":[{"href":"https:\/\/park-plazza.com\/sq\/wp-json\/wp\/v2\/media?parent=307"}],"curies":[{"name":"wp","href":"https:\/\/api.w.org\/{rel}","templated":true}]}}